{"id":446,"date":"2021-11-12T17:22:51","date_gmt":"2021-11-12T17:22:51","guid":{"rendered":"https:\/\/webaxus.com\/fr\/?page_id=446"},"modified":"2021-11-12T17:29:43","modified_gmt":"2021-11-12T17:29:43","slug":"conditions-dutilisation","status":"publish","type":"page","link":"https:\/\/webaxus.com\/fr\/conditions-dutilisation\/","title":{"rendered":"CONDITIONS D&rsquo;UTILISATION"},"content":{"rendered":"<p>En acc\u00e9dant \u00e0 ce site Web, accessible \u00e0 partir de https:\/\/www.webaxus.com\/fr , vous acceptez d&rsquo;\u00eatre li\u00e9 par les pr\u00e9sentes conditions d&rsquo;utilisation du site Web et acceptez que vous \u00eates responsable de l&rsquo;accord avec toutes les lois locales applicables. Si vous n&rsquo;\u00eates pas d&rsquo;accord avec l&rsquo;une de ces conditions, il vous est interdit d&rsquo;acc\u00e9der \u00e0 ce site. Les \u00e9l\u00e9ments contenus dans ce site Web sont prot\u00e9g\u00e9s par le droit d&rsquo;auteur et le droit des marques.<\/p>\n<h2>2. Utiliser la licence<\/h2>\n<p>L&rsquo;autorisation est accord\u00e9e de t\u00e9l\u00e9charger temporairement une copie des documents sur le site Web\u00a0 pour une visualisation transitoire personnelle et non commerciale uniquement. Il s&rsquo;agit de l&rsquo;octroi d&rsquo;une licence, et non d&rsquo;un transfert de titre, et en vertu de cette licence, vous ne pouvez pas :<\/p>\n<p>modifier ou copier les documents ;<br \/>\nutiliser le mat\u00e9riel \u00e0 des fins commerciales ou pour tout affichage public ;<br \/>\ntenter de r\u00e9troconcevoir tout logiciel contenu sur le site Web\u00a0 ;<br \/>\nsupprimer tout droit d&rsquo;auteur ou autres mentions de propri\u00e9t\u00e9 du mat\u00e9riel ; ou<br \/>\ntransf\u00e9rer les documents \u00e0 une autre personne ou \u00ab mettre en miroir \u00bb les documents sur un autre serveur.<br \/>\nCela permettra \u00e0 le site web de se terminer en cas de violation de l&rsquo;une de ces restrictions. En cas de r\u00e9siliation, votre droit de visionnage sera \u00e9galement r\u00e9sili\u00e9 et vous devrez d\u00e9truire tout mat\u00e9riel t\u00e9l\u00e9charg\u00e9 en votre possession, qu&rsquo;il soit au format imprim\u00e9 ou \u00e9lectronique. Ces conditions d&rsquo;utilisation ont \u00e9t\u00e9 cr\u00e9\u00e9es \u00e0 l&rsquo;aide du g\u00e9n\u00e9rateur de conditions d&rsquo;utilisation.<\/p>\n<p>3. Avis de non-responsabilit\u00e9<br \/>\nTous les documents sur le site Web\u00a0 sont fournis \u00ab tels quels \u00bb. le site ne donne aucune garantie, qu&rsquo;elle soit expresse ou implicite, annule donc toutes les autres garanties. En outre, le site ne fait aucune d\u00e9claration concernant l&rsquo;exactitude ou la fiabilit\u00e9 de l&rsquo;utilisation du mat\u00e9riel sur son site Web ou autrement li\u00e9 \u00e0 ce mat\u00e9riel ou \u00e0 tout site li\u00e9 \u00e0 ce site Web.<\/p>\n<p>4. Limites<br \/>\nle site web ou ses fournisseurs ne seront pas tenus responsables des dommages qui pourraient survenir avec l&rsquo;utilisation ou l&rsquo;impossibilit\u00e9 d&rsquo;utiliser le mat\u00e9riel sur le site Web , m\u00eame si le site ou un repr\u00e9sentant autoris\u00e9 de ce site Web a \u00e9t\u00e9 inform\u00e9, oralement ou par \u00e9crit, de la possibilit\u00e9 de de tels dommages. Certaines juridictions n&rsquo;autorisent pas les limitations des garanties implicites ou les limitations de responsabilit\u00e9 pour les dommages accessoires, ces limitations peuvent ne pas s&rsquo;appliquer \u00e0 vous.<\/p>\n<p>5. R\u00e9visions et errata<br \/>\nLes \u00e9l\u00e9ments apparaissant sur le site Web peuvent contenir des erreurs techniques, typographiques ou photographiques. il ne promet pas que les \u00e9l\u00e9ments de ce site Web sont exacts, complets ou \u00e0 jour. il peut modifier les \u00e9l\u00e9ments contenus sur son site Web \u00e0 tout moment et sans pr\u00e9avis. il ne prend aucun engagement de mettre \u00e0 jour les mat\u00e9riaux.<\/p>\n<p>6. Liens<br \/>\nle site n&rsquo;a pas examin\u00e9 tous les sites li\u00e9s \u00e0 son site Web et n&rsquo;est pas responsable du contenu de ces sites li\u00e9s. La pr\u00e9sence de tout lien n&rsquo;implique pas l&rsquo;approbation du site. L&rsquo;utilisation de tout site Web li\u00e9 est aux risques et p\u00e9rils de l&rsquo;utilisateur.<\/p>\n<p>7. Modifications des conditions d&rsquo;utilisation du site<br \/>\nle site peut r\u00e9viser les pr\u00e9sentes conditions d&rsquo;utilisation de son site Web \u00e0 tout moment sans pr\u00e9avis. En utilisant ce site Web, vous acceptez d&rsquo;\u00eatre li\u00e9 par la version actuelle des pr\u00e9sentes conditions d&rsquo;utilisation.<\/p>\n<p>8. Votre vie priv\u00e9e<br \/>\nS&rsquo;il vous plait lisez notre politique de confidentialit\u00e9.<\/p>\n<p>9. Droit applicable<br \/>\nToute r\u00e9clamation li\u00e9e au site Web\u00a0 sera r\u00e9gie par les lois de ma sans \u00e9gard \u00e0 ses dispositions en mati\u00e8re de conflit de lois.<\/p>\n","protected":false},"excerpt":{"rendered":"<p>En acc\u00e9dant \u00e0 ce site Web, accessible \u00e0 partir de https:\/\/www.webaxus.com\/fr , vous acceptez d&rsquo;\u00eatre li\u00e9 par les pr\u00e9sentes conditions d&rsquo;utilisation du site Web et acceptez que vous \u00eates responsable de l&rsquo;accord avec toutes les lois locales applicables. Si vous n&rsquo;\u00eates pas d&rsquo;accord avec l&rsquo;une de ces conditions, il vous est interdit d&rsquo;acc\u00e9der \u00e0 ce [&hellip;]<\/p>\n","protected":false},"author":4,"featured_media":0,"parent":0,"menu_order":0,"comment_status":"closed","ping_status":"closed","template":"","meta":{"site-sidebar-layout":"default","site-content-layout":"default","ast-site-content-layout":"default","site-content-style":"default","site-sidebar-style":"default","ast-global-header-display":"","ast-banner-title-visibility":"","ast-main-header-display":"","ast-hfb-above-header-display":"","ast-hfb-below-header-display":"","ast-hfb-mobile-header-display":"","site-post-title":"","ast-breadcrumbs-content":"","ast-featured-img":"","footer-sml-layout":"","ast-disable-related-posts":"","theme-transparent-header-meta":"default","adv-header-id-meta":"","stick-header-meta":"","header-above-stick-meta":"","header-main-stick-meta":"","header-below-stick-meta":"","astra-migrate-meta-layouts":"default","ast-page-background-enabled":"default","ast-page-background-meta":{"desktop":{"background-color":"","background-image":"","background-repeat":"repeat","background-position":"center center","background-size":"auto","background-attachment":"scroll","background-type":"","background-media":"","overlay-type":"","overlay-color":"","overlay-opacity":"","overlay-gradient":""},"tablet":{"background-color":"","background-image":"","background-repeat":"repeat","background-position":"center center","background-size":"auto","background-attachment":"scroll","background-type":"","background-media":"","overlay-type":"","overlay-color":"","overlay-opacity":"","overlay-gradient":""},"mobile":{"background-color":"","background-image":"","background-repeat":"repeat","background-position":"center center","background-size":"auto","background-attachment":"scroll","background-type":"","background-media":"","overlay-type":"","overlay-color":"","overlay-opacity":"","overlay-gradient":""}},"ast-content-background-meta":{"desktop":{"background-color":"var(--ast-global-color-5)","background-image":"","background-repeat":"repeat","background-position":"center center","background-size":"auto","background-attachment":"scroll","background-type":"","background-media":"","overlay-type":"","overlay-color":"","overlay-opacity":"","overlay-gradient":""},"tablet":{"background-color":"var(--ast-global-color-5)","background-image":"","background-repeat":"repeat","background-position":"center center","background-size":"auto","background-attachment":"scroll","background-type":"","background-media":"","overlay-type":"","overlay-color":"","overlay-opacity":"","overlay-gradient":""},"mobile":{"background-color":"var(--ast-global-color-5)","background-image":"","background-repeat":"repeat","background-position":"center center","background-size":"auto","background-attachment":"scroll","background-type":"","background-media":"","overlay-type":"","overlay-color":"","overlay-opacity":"","overlay-gradient":""}},"footnotes":""},"class_list":["post-446","page","type-page","status-publish","hentry"],"_links":{"self":[{"href":"https:\/\/webaxus.com\/fr\/wp-json\/wp\/v2\/pages\/446","targetHints":{"allow":["GET"]}}],"collection":[{"href":"https:\/\/webaxus.com\/fr\/wp-json\/wp\/v2\/pages"}],"about":[{"href":"https:\/\/webaxus.com\/fr\/wp-json\/wp\/v2\/types\/page"}],"author":[{"embeddable":true,"href":"https:\/\/webaxus.com\/fr\/wp-json\/wp\/v2\/users\/4"}],"replies":[{"embeddable":true,"href":"https:\/\/webaxus.com\/fr\/wp-json\/wp\/v2\/comments?post=446"}],"version-history":[{"count":2,"href":"https:\/\/webaxus.com\/fr\/wp-json\/wp\/v2\/pages\/446\/revisions"}],"predecessor-version":[{"id":450,"href":"https:\/\/webaxus.com\/fr\/wp-json\/wp\/v2\/pages\/446\/revisions\/450"}],"wp:attachment":[{"href":"https:\/\/webaxus.com\/fr\/wp-json\/wp\/v2\/media?parent=446"}],"curies":[{"name":"wp","href":"https:\/\/api.w.org\/{rel}","templated":true}]}}